{"id":50862,"date":"2023-10-11T13:36:54","date_gmt":"2023-10-11T13:36:54","guid":{"rendered":"https:\/\/it.weedjam.org\/?page_id=50862"},"modified":"2023-10-11T13:37:54","modified_gmt":"2023-10-11T13:37:54","slug":"disclaimer","status":"publish","type":"page","link":"https:\/\/www.weedjam.org\/it\/disclaimer\/","title":{"rendered":"Disclaimer"},"content":{"rendered":"<p>[et_pb_section fb_built=&#8221;1&#8243; admin_label=&#8221;section&#8221; _builder_version=&#8221;4.16&#8243; global_colors_info=&#8221;{}&#8221;][et_pb_row admin_label=&#8221;row&#8221; _builder_version=&#8221;4.16&#8243; background_size=&#8221;initial&#8221; background_position=&#8221;top_left&#8221; background_repeat=&#8221;repeat&#8221; global_colors_info=&#8221;{}&#8221;][et_pb_column type=&#8221;4_4&#8243; _builder_version=&#8221;4.16&#8243; custom_padding=&#8221;|||&#8221; global_colors_info=&#8221;{}&#8221; custom_padding__hover=&#8221;|||&#8221;][et_pb_text admin_label=&#8221;Text&#8221; _builder_version=&#8221;4.16&#8243; background_size=&#8221;initial&#8221; background_position=&#8221;top_left&#8221; background_repeat=&#8221;repeat&#8221; global_colors_info=&#8221;{}&#8221;]<\/p>\n<h1 class=\"entry-title main_title\">Disclaimer<\/h1>\n<p>Il presente sito web \u00e8 creato con la massima attenzione e diligenza possibile per garantire l\u2019originalit\u00e0 e l\u2019accuratezza dei contenuti testuali. Tuttavia, considerando l\u2019ampia natura e accessibilit\u00e0 del World Wide Web, non possiamo garantire o assicurare che i contenuti testuali pubblicati sul nostro sito web non presentino somiglianze o coincidenze con contenuti presenti su altri siti, anche se non intenzionali.<\/p>\n<p>Non ci assumiamo alcuna responsabilit\u00e0 per somiglianze involontarie o per qualsiasi malinteso che possa sorgere a causa di tali somiglianze con contenuti di altri siti web. In ogni caso, ci impegniamo a rispondere prontamente a qualsiasi segnalazione relativa a possibili violazioni di copyright o somiglianze, e ad adottare le azioni appropriate nel rispetto delle leggi vigenti.<\/p>\n<p>Per quanto riguarda le immagini utilizzate sul nostro sito web, desideriamo precisare che sono state acquisite attraverso fonti legittime e riconosciute, in particolare\u00a0<a href=\"https:\/\/pixabay.com\/\" target=\"_blank\" rel=\"noopener\">Pixabay<\/a>,\u00a0<a href=\"https:\/\/www.canva.com\/\" target=\"_blank\" rel=\"noopener\">Canva Premium<\/a>\u00a0e\u00a0<a href=\"https:\/\/elements.envato.com\/photos\" target=\"_blank\" rel=\"noopener\">Envato Premium<\/a>. Queste piattaforme forniscono risorse grafiche sotto diverse licenze e, nel rispetto di tali licenze, abbiamo utilizzato tali immagini. Nonostante ci\u00f2, se un\u2019immagine dovesse violare i diritti d\u2019autore o altri diritti di terzi, ci impegniamo a rimuoverla prontamente su richiesta.<\/p>\n<p>La nostra intenzione \u00e8 sempre quella di rispettare i diritti degli autori e dei creatori. Ogni sforzo \u00e8 fatto per garantire che il materiale pubblicato sia legittimo, ma non ci assumiamo alcuna responsabilit\u00e0 per errori, omissioni o possibili violazioni.<\/p>\n<p><strong>Utilizzando questo sito, l\u2019utente accetta il presente disclaimer e tutte le sue clausole.<\/strong><\/p>\n<p>[\/et_pb_text][\/et_pb_column][\/et_pb_row][\/et_pb_section]<\/p>\n","protected":false},"excerpt":{"rendered":"<p>Disclaimer Il presente sito web \u00e8 creato con la massima attenzione e diligenza possibile per garantire l\u2019originalit\u00e0 e l\u2019accuratezza dei contenuti testuali. Tuttavia, considerando l\u2019ampia natura e accessibilit\u00e0 del World Wide Web, non possiamo garantire o assicurare che i contenuti testuali pubblicati sul nostro sito web non presentino somiglianze o coincidenze con contenuti presenti su [&hellip;]<\/p>\n","protected":false},"author":1,"featured_media":0,"parent":0,"menu_order":0,"comment_status":"closed","ping_status":"closed","template":"","meta":{"_et_pb_use_builder":"on","_et_pb_old_content":"<h1 class=\"entry-title main_title\">Disclaimer<\/h1>\r\nIl presente sito web \u00e8 creato con la massima attenzione e diligenza possibile per garantire l\u2019originalit\u00e0 e l\u2019accuratezza dei contenuti testuali. Tuttavia, considerando l\u2019ampia natura e accessibilit\u00e0 del World Wide Web, non possiamo garantire o assicurare che i contenuti testuali pubblicati sul nostro sito web non presentino somiglianze o coincidenze con contenuti presenti su altri siti, anche se non intenzionali.\r\n\r\nNon ci assumiamo alcuna responsabilit\u00e0 per somiglianze involontarie o per qualsiasi malinteso che possa sorgere a causa di tali somiglianze con contenuti di altri siti web. In ogni caso, ci impegniamo a rispondere prontamente a qualsiasi segnalazione relativa a possibili violazioni di copyright o somiglianze, e ad adottare le azioni appropriate nel rispetto delle leggi vigenti.\r\n\r\nPer quanto riguarda le immagini utilizzate sul nostro sito web, desideriamo precisare che sono state acquisite attraverso fonti legittime e riconosciute, in particolare\u00a0<a href=\"https:\/\/pixabay.com\/\" target=\"_blank\" rel=\"noopener\">Pixabay<\/a>,\u00a0<a href=\"https:\/\/www.canva.com\/\" target=\"_blank\" rel=\"noopener\">Canva Premium<\/a>\u00a0e\u00a0<a href=\"https:\/\/elements.envato.com\/photos\" target=\"_blank\" rel=\"noopener\">Envato Premium<\/a>. Queste piattaforme forniscono risorse grafiche sotto diverse licenze e, nel rispetto di tali licenze, abbiamo utilizzato tali immagini. Nonostante ci\u00f2, se un\u2019immagine dovesse violare i diritti d\u2019autore o altri diritti di terzi, ci impegniamo a rimuoverla prontamente su richiesta.\r\n\r\nLa nostra intenzione \u00e8 sempre quella di rispettare i diritti degli autori e dei creatori. Ogni sforzo \u00e8 fatto per garantire che il materiale pubblicato sia legittimo, ma non ci assumiamo alcuna responsabilit\u00e0 per errori, omissioni o possibili violazioni.\r\n\r\n<strong>Utilizzando questo sito, l\u2019utente accetta il presente disclaimer e tutte le sue clausole.<\/strong>","_et_gb_content_width":"","footnotes":""},"class_list":["post-50862","page","type-page","status-publish","hentry"],"yoast_head":"<!-- This site is optimized with the Yoast SEO plugin v27.3 - https:\/\/yoast.com\/product\/yoast-seo-wordpress\/ -->\n<title>Disclaimer<\/title>\n<meta name=\"robots\" content=\"index, follow, max-snippet:-1, max-image-preview:large, max-video-preview:-1\" \/>\n<link rel=\"canonical\" href=\"https:\/\/www.weedjam.org\/it\/disclaimer\/\" \/>\n<meta property=\"og:locale\" content=\"it_IT\" \/>\n<meta property=\"og:type\" content=\"article\" \/>\n<meta property=\"og:title\" content=\"Disclaimer\" \/>\n<meta property=\"og:description\" content=\"Disclaimer Il presente sito web \u00e8 creato con la massima attenzione e diligenza possibile per garantire l\u2019originalit\u00e0 e l\u2019accuratezza dei contenuti testuali. Tuttavia, considerando l\u2019ampia natura e accessibilit\u00e0 del World Wide Web, non possiamo garantire o assicurare che i contenuti testuali pubblicati sul nostro sito web non presentino somiglianze o coincidenze con contenuti presenti su [&hellip;]\" \/>\n<meta property=\"og:url\" content=\"https:\/\/www.weedjam.org\/it\/disclaimer\/\" \/>\n<meta property=\"og:site_name\" content=\"Cannabis Social Club Barcellona\" \/>\n<meta property=\"article:publisher\" content=\"https:\/\/www.facebook.com\/groups\/weedjam\/\" \/>\n<meta property=\"article:modified_time\" content=\"2023-10-11T13:37:54+00:00\" \/>\n<meta name=\"twitter:card\" content=\"summary_large_image\" \/>\n<meta name=\"twitter:site\" content=\"@weedjamclubs\" \/>\n<meta name=\"twitter:label1\" content=\"Tempo di lettura stimato\" \/>\n\t<meta name=\"twitter:data1\" content=\"2 minuti\" \/>\n<script type=\"application\/ld+json\" class=\"yoast-schema-graph\">{\"@context\":\"https:\\\/\\\/schema.org\",\"@graph\":[{\"@type\":\"WebPage\",\"@id\":\"https:\\\/\\\/www.weedjam.org\\\/it\\\/disclaimer\\\/\",\"url\":\"https:\\\/\\\/www.weedjam.org\\\/it\\\/disclaimer\\\/\",\"name\":\"Disclaimer\",\"isPartOf\":{\"@id\":\"https:\\\/\\\/www.weedjam.org\\\/it\\\/#website\"},\"datePublished\":\"2023-10-11T13:36:54+00:00\",\"dateModified\":\"2023-10-11T13:37:54+00:00\",\"breadcrumb\":{\"@id\":\"https:\\\/\\\/www.weedjam.org\\\/it\\\/disclaimer\\\/#breadcrumb\"},\"inLanguage\":\"it-IT\",\"potentialAction\":[{\"@type\":\"ReadAction\",\"target\":[\"https:\\\/\\\/www.weedjam.org\\\/it\\\/disclaimer\\\/\"]}]},{\"@type\":\"BreadcrumbList\",\"@id\":\"https:\\\/\\\/www.weedjam.org\\\/it\\\/disclaimer\\\/#breadcrumb\",\"itemListElement\":[{\"@type\":\"ListItem\",\"position\":1,\"name\":\"Home\",\"item\":\"https:\\\/\\\/www.weedjam.org\\\/it\\\/\"},{\"@type\":\"ListItem\",\"position\":2,\"name\":\"Disclaimer\"}]},{\"@type\":\"WebSite\",\"@id\":\"https:\\\/\\\/www.weedjam.org\\\/it\\\/#website\",\"url\":\"https:\\\/\\\/www.weedjam.org\\\/it\\\/\",\"name\":\"Cannabis Social Club Barcellona\",\"description\":\"Con weedjam ottieni l&#039;invito nei migliori Social Cannabis Club\",\"publisher\":{\"@id\":\"https:\\\/\\\/www.weedjam.org\\\/it\\\/#organization\"},\"potentialAction\":[{\"@type\":\"SearchAction\",\"target\":{\"@type\":\"EntryPoint\",\"urlTemplate\":\"https:\\\/\\\/www.weedjam.org\\\/it\\\/?s={search_term_string}\"},\"query-input\":{\"@type\":\"PropertyValueSpecification\",\"valueRequired\":true,\"valueName\":\"search_term_string\"}}],\"inLanguage\":\"it-IT\"},{\"@type\":\"Organization\",\"@id\":\"https:\\\/\\\/www.weedjam.org\\\/it\\\/#organization\",\"name\":\"Weedjam\",\"url\":\"https:\\\/\\\/www.weedjam.org\\\/it\\\/\",\"logo\":{\"@type\":\"ImageObject\",\"inLanguage\":\"it-IT\",\"@id\":\"https:\\\/\\\/www.weedjam.org\\\/it\\\/#\\\/schema\\\/logo\\\/image\\\/\",\"url\":\"https:\\\/\\\/www.weedjam.org\\\/it\\\/wp-content\\\/uploads\\\/2019\\\/06\\\/1505513_1405569903035595_319774771_n.png\",\"contentUrl\":\"https:\\\/\\\/www.weedjam.org\\\/it\\\/wp-content\\\/uploads\\\/2019\\\/06\\\/1505513_1405569903035595_319774771_n.png\",\"width\":500,\"height\":500,\"caption\":\"Weedjam\"},\"image\":{\"@id\":\"https:\\\/\\\/www.weedjam.org\\\/it\\\/#\\\/schema\\\/logo\\\/image\\\/\"},\"sameAs\":[\"https:\\\/\\\/www.facebook.com\\\/groups\\\/weedjam\\\/\",\"https:\\\/\\\/x.com\\\/weedjamclubs\",\"https:\\\/\\\/www.instagram.com\\\/weedjamclub\\\/?hl=it\"]}]}<\/script>\n<!-- \/ Yoast SEO plugin. -->","yoast_head_json":{"title":"Disclaimer","robots":{"index":"index","follow":"follow","max-snippet":"max-snippet:-1","max-image-preview":"max-image-preview:large","max-video-preview":"max-video-preview:-1"},"canonical":"https:\/\/www.weedjam.org\/it\/disclaimer\/","og_locale":"it_IT","og_type":"article","og_title":"Disclaimer","og_description":"Disclaimer Il presente sito web \u00e8 creato con la massima attenzione e diligenza possibile per garantire l\u2019originalit\u00e0 e l\u2019accuratezza dei contenuti testuali. Tuttavia, considerando l\u2019ampia natura e accessibilit\u00e0 del World Wide Web, non possiamo garantire o assicurare che i contenuti testuali pubblicati sul nostro sito web non presentino somiglianze o coincidenze con contenuti presenti su [&hellip;]","og_url":"https:\/\/www.weedjam.org\/it\/disclaimer\/","og_site_name":"Cannabis Social Club Barcellona","article_publisher":"https:\/\/www.facebook.com\/groups\/weedjam\/","article_modified_time":"2023-10-11T13:37:54+00:00","twitter_card":"summary_large_image","twitter_site":"@weedjamclubs","twitter_misc":{"Tempo di lettura stimato":"2 minuti"},"schema":{"@context":"https:\/\/schema.org","@graph":[{"@type":"WebPage","@id":"https:\/\/www.weedjam.org\/it\/disclaimer\/","url":"https:\/\/www.weedjam.org\/it\/disclaimer\/","name":"Disclaimer","isPartOf":{"@id":"https:\/\/www.weedjam.org\/it\/#website"},"datePublished":"2023-10-11T13:36:54+00:00","dateModified":"2023-10-11T13:37:54+00:00","breadcrumb":{"@id":"https:\/\/www.weedjam.org\/it\/disclaimer\/#breadcrumb"},"inLanguage":"it-IT","potentialAction":[{"@type":"ReadAction","target":["https:\/\/www.weedjam.org\/it\/disclaimer\/"]}]},{"@type":"BreadcrumbList","@id":"https:\/\/www.weedjam.org\/it\/disclaimer\/#breadcrumb","itemListElement":[{"@type":"ListItem","position":1,"name":"Home","item":"https:\/\/www.weedjam.org\/it\/"},{"@type":"ListItem","position":2,"name":"Disclaimer"}]},{"@type":"WebSite","@id":"https:\/\/www.weedjam.org\/it\/#website","url":"https:\/\/www.weedjam.org\/it\/","name":"Cannabis Social Club Barcellona","description":"Con weedjam ottieni l&#039;invito nei migliori Social Cannabis Club","publisher":{"@id":"https:\/\/www.weedjam.org\/it\/#organization"},"potentialAction":[{"@type":"SearchAction","target":{"@type":"EntryPoint","urlTemplate":"https:\/\/www.weedjam.org\/it\/?s={search_term_string}"},"query-input":{"@type":"PropertyValueSpecification","valueRequired":true,"valueName":"search_term_string"}}],"inLanguage":"it-IT"},{"@type":"Organization","@id":"https:\/\/www.weedjam.org\/it\/#organization","name":"Weedjam","url":"https:\/\/www.weedjam.org\/it\/","logo":{"@type":"ImageObject","inLanguage":"it-IT","@id":"https:\/\/www.weedjam.org\/it\/#\/schema\/logo\/image\/","url":"https:\/\/www.weedjam.org\/it\/wp-content\/uploads\/2019\/06\/1505513_1405569903035595_319774771_n.png","contentUrl":"https:\/\/www.weedjam.org\/it\/wp-content\/uploads\/2019\/06\/1505513_1405569903035595_319774771_n.png","width":500,"height":500,"caption":"Weedjam"},"image":{"@id":"https:\/\/www.weedjam.org\/it\/#\/schema\/logo\/image\/"},"sameAs":["https:\/\/www.facebook.com\/groups\/weedjam\/","https:\/\/x.com\/weedjamclubs","https:\/\/www.instagram.com\/weedjamclub\/?hl=it"]}]}},"_links":{"self":[{"href":"https:\/\/www.weedjam.org\/it\/wp-json\/wp\/v2\/pages\/50862","targetHints":{"allow":["GET"]}}],"collection":[{"href":"https:\/\/www.weedjam.org\/it\/wp-json\/wp\/v2\/pages"}],"about":[{"href":"https:\/\/www.weedjam.org\/it\/wp-json\/wp\/v2\/types\/page"}],"author":[{"embeddable":true,"href":"https:\/\/www.weedjam.org\/it\/wp-json\/wp\/v2\/users\/1"}],"replies":[{"embeddable":true,"href":"https:\/\/www.weedjam.org\/it\/wp-json\/wp\/v2\/comments?post=50862"}],"version-history":[{"count":1,"href":"https:\/\/www.weedjam.org\/it\/wp-json\/wp\/v2\/pages\/50862\/revisions"}],"predecessor-version":[{"id":50865,"href":"https:\/\/www.weedjam.org\/it\/wp-json\/wp\/v2\/pages\/50862\/revisions\/50865"}],"wp:attachment":[{"href":"https:\/\/www.weedjam.org\/it\/wp-json\/wp\/v2\/media?parent=50862"}],"curies":[{"name":"wp","href":"https:\/\/api.w.org\/{rel}","templated":true}]}}