{"id":1242,"date":"2019-06-11T00:04:39","date_gmt":"2019-06-11T00:04:39","guid":{"rendered":"http:\/\/it.weedjam.org\/?page_id=1242"},"modified":"2019-11-22T16:20:36","modified_gmt":"2019-11-22T16:20:36","slug":"la-nostra-missione","status":"publish","type":"page","link":"https:\/\/www.weedjam.org\/it\/la-nostra-missione\/","title":{"rendered":"La nostra missione"},"content":{"rendered":"<p>[et_pb_section fb_built=&#8221;1&#8243; fullwidth=&#8221;on&#8221; _builder_version=&#8221;4.0.6&#8243; bottom_divider_style=&#8221;ramp2&#8243; bottom_divider_flip=&#8221;horizontal&#8221; bottom_divider_color=&#8221;#ffffff&#8221; hover_enabled=&#8221;0&#8243;][et_pb_fullwidth_header title=&#8221;Diventa socio di un cannabis club oggi!&#8221; button_one_text=&#8221;Diventa Socio&#8221; _builder_version=&#8221;4.0.6&#8243; background_image=&#8221;http:\/\/it.weedjam.org\/wp-content\/uploads\/2019\/04\/barcellona.jpg&#8221; text_orientation=&#8221;center&#8221; title_font=&#8221;Open Sans|600|||||||&#8221; title_font_size=&#8221;40px&#8221; custom_button_one=&#8221;on&#8221; hover_enabled=&#8221;0&#8243; button_one_text_color=&#8221;#ffffff&#8221; button_one_bg_color=&#8221;#1ea500&#8243; button_one_bg_enable_color=&#8221;on&#8221; button_one_border_width=&#8221;2px&#8221; button_one_border_color=&#8221;#1ea500&#8243; button_one_border_radius=&#8221;25px&#8221; button_one_font=&#8221;Lato|700|||||||&#8221; button_one_text_size=&#8221;18px&#8221; button_one_url=&#8221;http:\/\/it.weedjam.org\/contatto\/&#8221; button_one_icon=&#8221;%%26%%&#8221; button_one_bg_color__hover_enabled=&#8221;on|hover&#8221; button_one_bg_color__hover=&#8221;#000000&#8243; button_one_bg_enable_color__hover=&#8221;on&#8221; button_one_border_color__hover_enabled=&#8221;on|desktop&#8221; button_one_border_color__hover=&#8221;#000000&#8243; button_one_custom_margin=&#8221;||||false|false&#8221; button_one_custom_padding=&#8221;||7px||false|false&#8221;][\/et_pb_fullwidth_header][\/et_pb_section][et_pb_section fb_built=&#8221;1&#8243; _builder_version=&#8221;3.22.3&#8243; custom_padding=&#8221;||100px|||&#8221; z_index_tablet=&#8221;500&#8243;][et_pb_row _builder_version=&#8221;3.25&#8243; custom_margin=&#8221;||0px|&#8221; custom_padding=&#8221;||0px|4px||&#8221; z_index_tablet=&#8221;500&#8243;][et_pb_column type=&#8221;4_4&#8243; _builder_version=&#8221;3.25&#8243; custom_padding=&#8221;||0px|&#8221; custom_padding__hover=&#8221;|||&#8221;][et_pb_text _builder_version=&#8221;3.27.4&#8243; header_font=&#8221;||||||||&#8221; header_font_size=&#8221;45px&#8221; header_2_font=&#8221;||||||||&#8221; header_2_font_size=&#8221;35px&#8221; custom_margin=&#8221;||0px|&#8221; custom_padding=&#8221;||0px|6px||&#8221; z_index_tablet=&#8221;500&#8243;]<\/p>\n<h1 style=\"text-align: center;\"><strong>LA NOSTRA MISSIONE<\/strong><\/h1>\n<h1><\/h1>\n<h2 style=\"text-align: center;\">FATTI INVITARE DAI MIGLIORI COFFEE SHOP<br \/> DI BARCELONA PER TURISTI<\/h2>\n<p>&nbsp;<\/p>\n<p>&nbsp;<\/p>\n<h2 style=\"text-align: center;\"><span style=\"font-size: x-large;\">WEEDJAM TI AIUTER\u00c0 A DIVENTARE SOCIO DI UN COFFEE SHOP BARCELONA<\/span><\/h2>\n<p>&nbsp;<\/p>\n<p style=\"text-align: justify;\"><span style=\"font-size: large; text-align: justify;\">Che tu stia visitando o vivi nella bella citt\u00e0 spagnola, trovare un Coffee Shop Barcelona che fa per te potrebbe non essere facile. Weedjam \u00e8 la piattaforma online che ti aiuta a trovare e ad avere accesso a ci\u00f2 che stai cercando, consulta la Cannabis Map Barcelona.<\/span><\/p>\n<p style=\"text-align: justify;\"><span style=\"font-size: large;\">Diventare membro di un Coffee Shop non \u00e8 difficile, devi aver ricevuto un invito per poter entrare. Attraverso la nostra pagina web puoi inviare una richiesta di invito ai migliori Club di Barcelona. Il fine dei Coffee Shop Barcelona \u00e8 quello di permetterti di rilassarti e passare momenti piacevoli, Weedjam \u00e8 qui per far s\u00ec che anche la scelta del club sia facile e divertente.<\/span><\/p>\n<p style=\"text-align: justify;\"><span style=\"font-size: large;\">Per accedere a qualunque Club cercalo nella pagina della Cannabis Barcelona online, dovrai aver compiuto 18 anni ed essere in possesso di un documento d\u2019identit\u00e0 valido con foto. Ogni club pu\u00f2 comunque stabilire un\u2019et\u00e0 limite, per esempio potrebbero ricevere solo persone a partire dai 21 anni. Al momento della registrazione ti verr\u00e0 richiesto di fornire un indirizzo spagnolo, ma non preoccuparti, serve solo ai fini dell\u2019iscrizione e non sar\u00e0 usato per nessuna spedizione, quindi puoi anche dare quello dell\u2019hotel dove alloggi.<\/span><\/p>\n<h2><\/h2>\n<h2><\/h2>\n<h2><img decoding=\"async\" data-src=\"http:\/\/it.weedjam.org\/wp-content\/uploads\/2019\/05\/barcelona.jpg\" width=\"1077\" height=\"614\" style=\"--smush-placeholder-width: 1077px; --smush-placeholder-aspect-ratio: 1077\/614;display: block; margin-left: auto; margin-right: auto;\" src=\"data:image\/svg+xml;base64,PHN2ZyB3aWR0aD0iMSIgaGVpZ2h0PSIxIiB4bWxucz0iaHR0cDovL3d3dy53My5vcmcvMjAwMC9zdmciPjwvc3ZnPg==\" class=\"lazyload\" \/><\/h2>\n<p>&nbsp;<\/p>\n<h2>L\u2019INVITO:<\/h2>\n<p>&nbsp;<\/p>\n<p style=\"text-align: justify;\"><span style=\"font-size: large;\">Una volta ricevuto l\u2019invito, potrai recarti personalmente al Club con il tuo documento d\u2019identit\u00e0. Ogni club richiede una quota annuale di iscrizione a partire da 20 Euro che potrai pagare personalmente al momento dell\u2019iscrizione. Ricorda che il consumo di cannabis a Barcelona non \u00e8 consentito negli spazi pubblici, cos\u00ec come non \u00e8 consentito passare la cannabis ottenuta all\u2019interno del club a persone esterne.<\/span><\/p>\n<p style=\"text-align: justify;\"><span style=\"font-size: large;\">Bisogna ricordare che i Club Cannabis Barcelona non sono come i Coffee Shop di Amsterdam. A Barcelona non entri in un Coffee Shop ma in un\u2019associazione che si occupa di coltivare marijuana per i propri soci.<\/span><\/p>\n<p style=\"text-align: justify;\"><span style=\"font-size: large;\">Non per questo non puoi portare a casa la tua Marijuana; per\u00f2 non puoi fumare per strada, altrimenti potrebbero farti una multa che pu\u00f2 variare dai 490 Euro, fino a un massimo di 1000 Euro.<\/span><\/p>\n<p style=\"text-align: justify;\"><span style=\"font-size: large;\">Cosa aspetti allora, invia la tua richiesta online di invito e goditi l\u2019ampia scelta dei Club Cannabis Barcelona senza stress e in tutta tranquillit\u00e0.<\/span><\/p>\n<p>[\/et_pb_text][\/et_pb_column][\/et_pb_row][\/et_pb_section]<\/p>\n","protected":false},"excerpt":{"rendered":"<p>LA NOSTRA MISSIONE FATTI INVITARE DAI MIGLIORI COFFEE SHOP DI BARCELONA PER TURISTI &nbsp; &nbsp; WEEDJAM TI AIUTER\u00c0 A DIVENTARE SOCIO DI UN COFFEE SHOP BARCELONA &nbsp; Che tu stia visitando o vivi nella bella citt\u00e0 spagnola, trovare un Coffee Shop Barcelona che fa per te potrebbe non essere facile. Weedjam \u00e8 la piattaforma online [&hellip;]<\/p>\n","protected":false},"author":1,"featured_media":0,"parent":0,"menu_order":0,"comment_status":"closed","ping_status":"closed","template":"","meta":{"_et_pb_use_builder":"on","_et_pb_old_content":"","_et_gb_content_width":"","footnotes":""},"class_list":["post-1242","page","type-page","status-publish","hentry"],"yoast_head":"<!-- This site is optimized with the Yoast SEO plugin v27.3 - https:\/\/yoast.com\/product\/yoast-seo-wordpress\/ -->\n<title>La nostra missione<\/title>\n<meta name=\"robots\" content=\"index, follow, max-snippet:-1, max-image-preview:large, max-video-preview:-1\" \/>\n<link rel=\"canonical\" href=\"https:\/\/www.weedjam.org\/it\/la-nostra-missione\/\" \/>\n<meta property=\"og:locale\" content=\"it_IT\" \/>\n<meta property=\"og:type\" content=\"article\" \/>\n<meta property=\"og:title\" content=\"La nostra missione\" \/>\n<meta property=\"og:description\" content=\"LA NOSTRA MISSIONE FATTI INVITARE DAI MIGLIORI COFFEE SHOP DI BARCELONA PER TURISTI &nbsp; &nbsp; WEEDJAM TI AIUTER\u00c0 A DIVENTARE SOCIO DI UN COFFEE SHOP BARCELONA &nbsp; Che tu stia visitando o vivi nella bella citt\u00e0 spagnola, trovare un Coffee Shop Barcelona che fa per te potrebbe non essere facile. Weedjam \u00e8 la piattaforma online [&hellip;]\" \/>\n<meta property=\"og:url\" content=\"https:\/\/www.weedjam.org\/it\/la-nostra-missione\/\" \/>\n<meta property=\"og:site_name\" content=\"Cannabis Social Club Barcellona\" \/>\n<meta property=\"article:publisher\" content=\"https:\/\/www.facebook.com\/groups\/weedjam\/\" \/>\n<meta property=\"article:modified_time\" content=\"2019-11-22T16:20:36+00:00\" \/>\n<meta property=\"og:image\" content=\"http:\/\/it.weedjam.org\/wp-content\/uploads\/2019\/05\/barcelona.jpg\" \/>\n<meta name=\"twitter:card\" content=\"summary_large_image\" \/>\n<meta name=\"twitter:site\" content=\"@weedjamclubs\" \/>\n<meta name=\"twitter:label1\" content=\"Tempo di lettura stimato\" \/>\n\t<meta name=\"twitter:data1\" content=\"3 minuti\" \/>\n<script type=\"application\/ld+json\" class=\"yoast-schema-graph\">{\"@context\":\"https:\\\/\\\/schema.org\",\"@graph\":[{\"@type\":\"WebPage\",\"@id\":\"https:\\\/\\\/www.weedjam.org\\\/it\\\/la-nostra-missione\\\/\",\"url\":\"https:\\\/\\\/www.weedjam.org\\\/it\\\/la-nostra-missione\\\/\",\"name\":\"La nostra missione\",\"isPartOf\":{\"@id\":\"https:\\\/\\\/www.weedjam.org\\\/it\\\/#website\"},\"primaryImageOfPage\":{\"@id\":\"https:\\\/\\\/www.weedjam.org\\\/it\\\/la-nostra-missione\\\/#primaryimage\"},\"image\":{\"@id\":\"https:\\\/\\\/www.weedjam.org\\\/it\\\/la-nostra-missione\\\/#primaryimage\"},\"thumbnailUrl\":\"http:\\\/\\\/it.weedjam.org\\\/wp-content\\\/uploads\\\/2019\\\/05\\\/barcelona.jpg\",\"datePublished\":\"2019-06-11T00:04:39+00:00\",\"dateModified\":\"2019-11-22T16:20:36+00:00\",\"breadcrumb\":{\"@id\":\"https:\\\/\\\/www.weedjam.org\\\/it\\\/la-nostra-missione\\\/#breadcrumb\"},\"inLanguage\":\"it-IT\",\"potentialAction\":[{\"@type\":\"ReadAction\",\"target\":[\"https:\\\/\\\/www.weedjam.org\\\/it\\\/la-nostra-missione\\\/\"]}]},{\"@type\":\"ImageObject\",\"inLanguage\":\"it-IT\",\"@id\":\"https:\\\/\\\/www.weedjam.org\\\/it\\\/la-nostra-missione\\\/#primaryimage\",\"url\":\"http:\\\/\\\/it.weedjam.org\\\/wp-content\\\/uploads\\\/2019\\\/05\\\/barcelona.jpg\",\"contentUrl\":\"http:\\\/\\\/it.weedjam.org\\\/wp-content\\\/uploads\\\/2019\\\/05\\\/barcelona.jpg\"},{\"@type\":\"BreadcrumbList\",\"@id\":\"https:\\\/\\\/www.weedjam.org\\\/it\\\/la-nostra-missione\\\/#breadcrumb\",\"itemListElement\":[{\"@type\":\"ListItem\",\"position\":1,\"name\":\"Home\",\"item\":\"https:\\\/\\\/www.weedjam.org\\\/it\\\/\"},{\"@type\":\"ListItem\",\"position\":2,\"name\":\"La nostra missione\"}]},{\"@type\":\"WebSite\",\"@id\":\"https:\\\/\\\/www.weedjam.org\\\/it\\\/#website\",\"url\":\"https:\\\/\\\/www.weedjam.org\\\/it\\\/\",\"name\":\"Cannabis Social Club Barcellona\",\"description\":\"Con weedjam ottieni l&#039;invito nei migliori Social Cannabis Club\",\"publisher\":{\"@id\":\"https:\\\/\\\/www.weedjam.org\\\/it\\\/#organization\"},\"potentialAction\":[{\"@type\":\"SearchAction\",\"target\":{\"@type\":\"EntryPoint\",\"urlTemplate\":\"https:\\\/\\\/www.weedjam.org\\\/it\\\/?s={search_term_string}\"},\"query-input\":{\"@type\":\"PropertyValueSpecification\",\"valueRequired\":true,\"valueName\":\"search_term_string\"}}],\"inLanguage\":\"it-IT\"},{\"@type\":\"Organization\",\"@id\":\"https:\\\/\\\/www.weedjam.org\\\/it\\\/#organization\",\"name\":\"Weedjam\",\"url\":\"https:\\\/\\\/www.weedjam.org\\\/it\\\/\",\"logo\":{\"@type\":\"ImageObject\",\"inLanguage\":\"it-IT\",\"@id\":\"https:\\\/\\\/www.weedjam.org\\\/it\\\/#\\\/schema\\\/logo\\\/image\\\/\",\"url\":\"https:\\\/\\\/www.weedjam.org\\\/it\\\/wp-content\\\/uploads\\\/2019\\\/06\\\/1505513_1405569903035595_319774771_n.png\",\"contentUrl\":\"https:\\\/\\\/www.weedjam.org\\\/it\\\/wp-content\\\/uploads\\\/2019\\\/06\\\/1505513_1405569903035595_319774771_n.png\",\"width\":500,\"height\":500,\"caption\":\"Weedjam\"},\"image\":{\"@id\":\"https:\\\/\\\/www.weedjam.org\\\/it\\\/#\\\/schema\\\/logo\\\/image\\\/\"},\"sameAs\":[\"https:\\\/\\\/www.facebook.com\\\/groups\\\/weedjam\\\/\",\"https:\\\/\\\/x.com\\\/weedjamclubs\",\"https:\\\/\\\/www.instagram.com\\\/weedjamclub\\\/?hl=it\"]}]}<\/script>\n<!-- \/ Yoast SEO plugin. -->","yoast_head_json":{"title":"La nostra missione","robots":{"index":"index","follow":"follow","max-snippet":"max-snippet:-1","max-image-preview":"max-image-preview:large","max-video-preview":"max-video-preview:-1"},"canonical":"https:\/\/www.weedjam.org\/it\/la-nostra-missione\/","og_locale":"it_IT","og_type":"article","og_title":"La nostra missione","og_description":"LA NOSTRA MISSIONE FATTI INVITARE DAI MIGLIORI COFFEE SHOP DI BARCELONA PER TURISTI &nbsp; &nbsp; WEEDJAM TI AIUTER\u00c0 A DIVENTARE SOCIO DI UN COFFEE SHOP BARCELONA &nbsp; Che tu stia visitando o vivi nella bella citt\u00e0 spagnola, trovare un Coffee Shop Barcelona che fa per te potrebbe non essere facile. Weedjam \u00e8 la piattaforma online [&hellip;]","og_url":"https:\/\/www.weedjam.org\/it\/la-nostra-missione\/","og_site_name":"Cannabis Social Club Barcellona","article_publisher":"https:\/\/www.facebook.com\/groups\/weedjam\/","article_modified_time":"2019-11-22T16:20:36+00:00","og_image":[{"url":"http:\/\/it.weedjam.org\/wp-content\/uploads\/2019\/05\/barcelona.jpg","type":"","width":"","height":""}],"twitter_card":"summary_large_image","twitter_site":"@weedjamclubs","twitter_misc":{"Tempo di lettura stimato":"3 minuti"},"schema":{"@context":"https:\/\/schema.org","@graph":[{"@type":"WebPage","@id":"https:\/\/www.weedjam.org\/it\/la-nostra-missione\/","url":"https:\/\/www.weedjam.org\/it\/la-nostra-missione\/","name":"La nostra missione","isPartOf":{"@id":"https:\/\/www.weedjam.org\/it\/#website"},"primaryImageOfPage":{"@id":"https:\/\/www.weedjam.org\/it\/la-nostra-missione\/#primaryimage"},"image":{"@id":"https:\/\/www.weedjam.org\/it\/la-nostra-missione\/#primaryimage"},"thumbnailUrl":"http:\/\/it.weedjam.org\/wp-content\/uploads\/2019\/05\/barcelona.jpg","datePublished":"2019-06-11T00:04:39+00:00","dateModified":"2019-11-22T16:20:36+00:00","breadcrumb":{"@id":"https:\/\/www.weedjam.org\/it\/la-nostra-missione\/#breadcrumb"},"inLanguage":"it-IT","potentialAction":[{"@type":"ReadAction","target":["https:\/\/www.weedjam.org\/it\/la-nostra-missione\/"]}]},{"@type":"ImageObject","inLanguage":"it-IT","@id":"https:\/\/www.weedjam.org\/it\/la-nostra-missione\/#primaryimage","url":"http:\/\/it.weedjam.org\/wp-content\/uploads\/2019\/05\/barcelona.jpg","contentUrl":"http:\/\/it.weedjam.org\/wp-content\/uploads\/2019\/05\/barcelona.jpg"},{"@type":"BreadcrumbList","@id":"https:\/\/www.weedjam.org\/it\/la-nostra-missione\/#breadcrumb","itemListElement":[{"@type":"ListItem","position":1,"name":"Home","item":"https:\/\/www.weedjam.org\/it\/"},{"@type":"ListItem","position":2,"name":"La nostra missione"}]},{"@type":"WebSite","@id":"https:\/\/www.weedjam.org\/it\/#website","url":"https:\/\/www.weedjam.org\/it\/","name":"Cannabis Social Club Barcellona","description":"Con weedjam ottieni l&#039;invito nei migliori Social Cannabis Club","publisher":{"@id":"https:\/\/www.weedjam.org\/it\/#organization"},"potentialAction":[{"@type":"SearchAction","target":{"@type":"EntryPoint","urlTemplate":"https:\/\/www.weedjam.org\/it\/?s={search_term_string}"},"query-input":{"@type":"PropertyValueSpecification","valueRequired":true,"valueName":"search_term_string"}}],"inLanguage":"it-IT"},{"@type":"Organization","@id":"https:\/\/www.weedjam.org\/it\/#organization","name":"Weedjam","url":"https:\/\/www.weedjam.org\/it\/","logo":{"@type":"ImageObject","inLanguage":"it-IT","@id":"https:\/\/www.weedjam.org\/it\/#\/schema\/logo\/image\/","url":"https:\/\/www.weedjam.org\/it\/wp-content\/uploads\/2019\/06\/1505513_1405569903035595_319774771_n.png","contentUrl":"https:\/\/www.weedjam.org\/it\/wp-content\/uploads\/2019\/06\/1505513_1405569903035595_319774771_n.png","width":500,"height":500,"caption":"Weedjam"},"image":{"@id":"https:\/\/www.weedjam.org\/it\/#\/schema\/logo\/image\/"},"sameAs":["https:\/\/www.facebook.com\/groups\/weedjam\/","https:\/\/x.com\/weedjamclubs","https:\/\/www.instagram.com\/weedjamclub\/?hl=it"]}]}},"_links":{"self":[{"href":"https:\/\/www.weedjam.org\/it\/wp-json\/wp\/v2\/pages\/1242","targetHints":{"allow":["GET"]}}],"collection":[{"href":"https:\/\/www.weedjam.org\/it\/wp-json\/wp\/v2\/pages"}],"about":[{"href":"https:\/\/www.weedjam.org\/it\/wp-json\/wp\/v2\/types\/page"}],"author":[{"embeddable":true,"href":"https:\/\/www.weedjam.org\/it\/wp-json\/wp\/v2\/users\/1"}],"replies":[{"embeddable":true,"href":"https:\/\/www.weedjam.org\/it\/wp-json\/wp\/v2\/comments?post=1242"}],"version-history":[{"count":1,"href":"https:\/\/www.weedjam.org\/it\/wp-json\/wp\/v2\/pages\/1242\/revisions"}],"predecessor-version":[{"id":50115,"href":"https:\/\/www.weedjam.org\/it\/wp-json\/wp\/v2\/pages\/1242\/revisions\/50115"}],"wp:attachment":[{"href":"https:\/\/www.weedjam.org\/it\/wp-json\/wp\/v2\/media?parent=1242"}],"curies":[{"name":"wp","href":"https:\/\/api.w.org\/{rel}","templated":true}]}}