{"id":1233,"date":"2019-06-11T00:02:10","date_gmt":"2019-06-11T00:02:10","guid":{"rendered":"http:\/\/it.weedjam.org\/?page_id=1233"},"modified":"2020-06-05T11:52:12","modified_gmt":"2020-06-05T11:52:12","slug":"g13-cannabis-club","status":"publish","type":"page","link":"https:\/\/www.weedjam.org\/it\/g13-cannabis-club\/","title":{"rendered":"G13 Cannabis Club"},"content":{"rendered":"<p>[et_pb_section fb_built=&#8221;1&#8243; fullwidth=&#8221;on&#8221; next_background_color=&#8221;#ffffff&#8221; _builder_version=&#8221;4.0.6&#8243; background_image=&#8221;http:\/\/it.weedjam.org\/wp-content\/uploads\/2019\/04\/form.jpg&#8221; custom_margin=&#8221;||||false|false&#8221; custom_padding=&#8221;280px||||false|false&#8221; bottom_divider_style=&#8221;ramp2&#8243; bottom_divider_height=&#8221;70px&#8221; bottom_divider_flip=&#8221;horizontal&#8221; locked=&#8221;off&#8221;][\/et_pb_section][et_pb_section fb_built=&#8221;1&#8243; _builder_version=&#8221;3.22&#8243; z_index_tablet=&#8221;500&#8243;][et_pb_row _builder_version=&#8221;3.25&#8243; custom_margin=&#8221;||0px|&#8221; custom_padding=&#8221;||0px|&#8221; z_index_tablet=&#8221;500&#8243;][et_pb_column type=&#8221;4_4&#8243; _builder_version=&#8221;3.25&#8243; custom_padding=&#8221;||0px|&#8221; custom_padding__hover=&#8221;|||&#8221;][et_pb_text _builder_version=&#8221;3.27.4&#8243; header_font_size=&#8221;45px&#8221; custom_margin=&#8221;||0px|&#8221; custom_padding=&#8221;||0px|&#8221; z_index_tablet=&#8221;500&#8243;]<\/p>\n<h1 style=\"text-align: center;\">Compila il Form<\/h1>\n<p>[\/et_pb_text][\/et_pb_column][\/et_pb_row][\/et_pb_section][et_pb_section fb_built=&#8221;1&#8243; _builder_version=&#8221;3.22&#8243;][et_pb_row column_structure=&#8221;1_2,1_2&#8243; _builder_version=&#8221;3.25&#8243; background_size=&#8221;initial&#8221; background_position=&#8221;top_left&#8221; background_repeat=&#8221;repeat&#8221;][et_pb_column type=&#8221;1_2&#8243; _builder_version=&#8221;3.25&#8243; custom_padding=&#8221;|||&#8221; custom_padding__hover=&#8221;|||&#8221;][et_pb_text _builder_version=&#8221;4.4.5&#8243; background_color=&#8221;#eaeaea&#8221; text_orientation=&#8221;center&#8221; custom_padding=&#8221;45px|5px|45px|5px&#8221; animation_style=&#8221;fade&#8221; z_index_tablet=&#8221;500&#8243; custom_css_before=&#8221;box-shadow: 0px 0px 30px #000000;&#8221; text_text_shadow_horizontal_length_tablet=&#8221;0px&#8221; text_text_shadow_vertical_length_tablet=&#8221;0px&#8221; text_text_shadow_blur_strength_tablet=&#8221;1px&#8221; link_text_shadow_horizontal_length_tablet=&#8221;0px&#8221; link_text_shadow_vertical_length_tablet=&#8221;0px&#8221; link_text_shadow_blur_strength_tablet=&#8221;1px&#8221; ul_text_shadow_horizontal_length_tablet=&#8221;0px&#8221; ul_text_shadow_vertical_length_tablet=&#8221;0px&#8221; ul_text_shadow_blur_strength_tablet=&#8221;1px&#8221; ol_text_shadow_horizontal_length_tablet=&#8221;0px&#8221; ol_text_shadow_vertical_length_tablet=&#8221;0px&#8221; ol_text_shadow_blur_strength_tablet=&#8221;1px&#8221; quote_text_shadow_horizontal_length_tablet=&#8221;0px&#8221; quote_text_shadow_vertical_length_tablet=&#8221;0px&#8221; quote_text_shadow_blur_strength_tablet=&#8221;1px&#8221; header_text_shadow_horizontal_length_tablet=&#8221;0px&#8221; header_text_shadow_vertical_length_tablet=&#8221;0px&#8221; header_text_shadow_blur_strength_tablet=&#8221;1px&#8221; header_2_text_shadow_horizontal_length_tablet=&#8221;0px&#8221; header_2_text_shadow_vertical_length_tablet=&#8221;0px&#8221; header_2_text_shadow_blur_strength_tablet=&#8221;1px&#8221; header_3_text_shadow_horizontal_length_tablet=&#8221;0px&#8221; header_3_text_shadow_vertical_length_tablet=&#8221;0px&#8221; header_3_text_shadow_blur_strength_tablet=&#8221;1px&#8221; header_4_text_shadow_horizontal_length_tablet=&#8221;0px&#8221; header_4_text_shadow_vertical_length_tablet=&#8221;0px&#8221; header_4_text_shadow_blur_strength_tablet=&#8221;1px&#8221; header_5_text_shadow_horizontal_length_tablet=&#8221;0px&#8221; header_5_text_shadow_vertical_length_tablet=&#8221;0px&#8221; header_5_text_shadow_blur_strength_tablet=&#8221;1px&#8221; header_6_text_shadow_horizontal_length_tablet=&#8221;0px&#8221; header_6_text_shadow_vertical_length_tablet=&#8221;0px&#8221; header_6_text_shadow_blur_strength_tablet=&#8221;1px&#8221; border_radii=&#8221;on|0px|0px|0px|0px&#8221; border_color_all=&#8221;#848484&#8243; box_shadow_style=&#8221;preset1&#8243; locked=&#8221;off&#8221; transform_styles__hover_enabled=&#8221;on&#8221; transform_scale__hover_enabled=&#8221;on&#8221; transform_translate__hover_enabled=&#8221;on&#8221; transform_rotate__hover_enabled=&#8221;on&#8221; transform_skew__hover_enabled=&#8221;on&#8221; transform_origin__hover_enabled=&#8221;on&#8221; transform_scale__hover=&#8221;105%|105%&#8221;]<\/p>\n<p style=\"text-align: center;\"><a href=\"http:\/\/it.weedjam.org\/g3-cannabis-club\/\"><\/a><img decoding=\"async\" data-src=\"http:\/\/it.weedjam.org\/wp-content\/uploads\/2020\/06\/g3.png\" width=\"336\" height=\"130\" alt=\"g3\" class=\"wp-image-50288 alignnone size-full lazyload\" src=\"data:image\/svg+xml;base64,PHN2ZyB3aWR0aD0iMSIgaGVpZ2h0PSIxIiB4bWxucz0iaHR0cDovL3d3dy53My5vcmcvMjAwMC9zdmciPjwvc3ZnPg==\" style=\"--smush-placeholder-width: 336px; --smush-placeholder-aspect-ratio: 336\/130;\" \/><\/p>\n<h2 style=\"text-align: center;\">G13 Cannabis Club<\/h2>\n<p style=\"text-align: center;\">10:00h &#8211; 16:00h<\/p>\n<p style=\"text-align: center;\"><span>Carrer de N\u00e0pols<\/span><\/p>\n<p style=\"text-align: center;\">\u2b50\u2b50\u2b50\u2b50\u2b50<\/p>\n<h3 style=\"text-align: center;\"><strong>Diventa Socio!<\/strong><\/h3>\n<p>[\/et_pb_text][\/et_pb_column][et_pb_column type=&#8221;1_2&#8243; _builder_version=&#8221;3.25&#8243; custom_padding=&#8221;|||&#8221; custom_padding__hover=&#8221;|||&#8221;][et_pb_contact_form email=&#8221;weedjamclubs@gmail.com&#8221; title=&#8221;G13 Cannabis Club&#8221; success_message=&#8221;Richiesta inviata con successo!&#8221; submit_button_text=&#8221;Diventa Socio&#8221; _builder_version=&#8221;4.4.7&#8243; custom_button=&#8221;on&#8221; button_text_size=&#8221;14&#8243; z_index_tablet=&#8221;500&#8243; custom_css_before=&#8221;.wpcf7-text, .wpcf7-textarea, .wpcf7-captchar {||background-color: #eee !important;||border: none !important;||width: 100% !important;||-moz-border-radius: 0 !important;||-webkit-border-radius: 0 !important;||border-radius: 0 !important;||font-size: 14px;||color: #999 !important;||padding: 16px !important;||-moz-box-sizing: border-box;||-webkit-box-sizing: border-box;||box-sizing: border-box;||}||.wpcf7-submit {||color: #2EA3F2 !important;||margin: 8px auto 0;||cursor: pointer;||font-size: 20px;||font-weight: 500;||-moz-border-radius: 3px;||-webkit-border-radius: 3px;||border-radius: 3px;||padding: 6px 20px;||line-height: 1.7em;||background: transparent;||border: 2px solid;||-webkit-font-smoothing: antialiased;||-moz-osx-font-smoothing: grayscale;||-moz-transition: all 0.2s;||-webkit-transition: all 0.2s;||transition: all 0.2s;||}||.wpcf7-submit:hover { ||background-color: #eee; ||border-color:#eee; ||padding: 6px 20px !important; ||}&#8221;][et_pb_contact_field field_id=&#8221;Name&#8221; field_title=&#8221;Nome&#8221; _builder_version=&#8221;3.21.4&#8243;][\/et_pb_contact_field][et_pb_contact_field field_id=&#8221;Email&#8221; field_title=&#8221;Indirizzo e-mail&#8221; field_type=&#8221;email&#8221; _builder_version=&#8221;3.21.4&#8243;][\/et_pb_contact_field][et_pb_contact_field field_id=&#8221;Message&#8221; field_title=&#8221;Messaggio&#8221; field_type=&#8221;text&#8221; fullwidth_field=&#8221;on&#8221; _builder_version=&#8221;3.21.4&#8243;][\/et_pb_contact_field][et_pb_contact_field field_id=&#8221;Data&#8221; field_title=&#8221;Data di Nascita&#8221; _builder_version=&#8221;3.21.4&#8243;][\/et_pb_contact_field][et_pb_contact_field field_id=&#8221;Tel&#8221; field_title=&#8221;Telefono&#8221; _builder_version=&#8221;3.21.4&#8243;][\/et_pb_contact_field][et_pb_contact_field field_id=&#8221;Paese&#8221; field_title=&#8221;Paese di Residenza&#8221; _builder_version=&#8221;3.21.4&#8243;][\/et_pb_contact_field][\/et_pb_contact_form][\/et_pb_column][\/et_pb_row][\/et_pb_section][et_pb_section fb_built=&#8221;1&#8243; _builder_version=&#8221;4.4.7&#8243; custom_padding=&#8221;0px|||||&#8221;][et_pb_row _builder_version=&#8221;4.4.7&#8243;][et_pb_column type=&#8221;4_4&#8243; _builder_version=&#8221;4.4.7&#8243;][et_pb_text _builder_version=&#8221;4.4.5&#8243; hover_enabled=&#8221;0&#8243;]<\/p>\n<h2><strong>G13 Barcelona Cannabis Club<\/strong><\/h2>\n<p>A pochi minuti a piedi dalle fermate Teutan e Monumental della metro, il <strong>G13 Barcelona <\/strong>\u00e8 uno dei pi\u00f9 noti cannabis club di Barcellona. Il suo indirizzo completo \u00e8: <a href=\"https:\/\/goo.gl\/maps\/K7CQNtRdWF66bqQg6\">Carrer de N\u00e0pols, 187, 08013\u00a0Barcelona<\/a>.<\/p>\n<p>La sua posizione centrale, a circa dieci minuti a piedi dalla Sagrada Familia, lo rende un luogo facile da trovare e da visitare.<\/p>\n<p>Ma attenzione, non si tratta di un locale aperto a tutti! Il <strong>G13 Barcelona <\/strong>ha, come tutti i social club spagnoli, lo statuto di un club privato. Per accedere occorre fare richiesta della tessera, sostenere un colloquio e pagare una tassa di iscrizione.<\/p>\n<p>Ma perch\u00e9 tante complicazioni?<\/p>\n<p>La legge in Spagna non norma in maniera puntuale il consumo della cannabis. Un vuoto nella normativa \u00e8 stato infatti di recente individuato e sfruttato. Se da un lato la legge vieta il consumo e la vendita di droghe leggere, dall\u2019altro tutela la privacy dei cittadini quando sono in casa propria. In questo modo, non si sanziona la coltivazione ed il consumo personale purch\u00e9 avvengano all\u2019interno delle mura domestiche. Un punto fondamentale della costituzione spagnola, poi, tutela la libert\u00e0 di associazione dei cittadini. Questo ha permesso ad alcuni cittadini di associarsi in club privati demandando al club la coltivazione e la crescita delle proprie piante di marijuana. Sono cos\u00ec nati in tutta la spagna dei club privati dedicati alla diffusione della cultura della cannabis. Si tratta di <a href=\"https:\/\/www.weedjam.org\/it\/weedmaps\/\">club privati<\/a> perch\u00e9 la <a href=\"https:\/\/www.weedjam.org\/it\/guida\/\">legge<\/a> altrimenti non potrebbe permettere il consumo della cannabis.<\/p>\n<p>Il <strong>G13 Barcelona<\/strong>, come tutti gli altri social club spagnoli, \u00e8 dunque privato e applica una rigida selezione all\u2019ingresso di nuovi membri. La priorit\u00e0 di questi club \u00e8 quella di tutelare la privacy dei propri soci e di non incorrere in comportamenti sanzionabili dalle autorit\u00e0. Rispetto ad altri club, tuttavia, il <strong>G13 Barcelona <\/strong>sembra avere una politica leggermente pi\u00f9 morbida.<\/p>\n<h3>Come entrare. Un percorso ad ostacoli con possibile lieto fine<\/h3>\n<p>Per entrare a far parte di un social club si devono rispettare generalmente tre requisiti.<\/p>\n<ul>\n<li>occorre essere maggiorenne<\/li>\n<li>occorre ottenere un invito da parte di un membro<\/li>\n<li>occorre essere residente nella zona<\/li>\n<\/ul>\n<p>Per un turista sembra essere un problema insormontabile! Eppure, alcuni club mettono in atto una politica leggermente pi\u00f9 morbida e il <strong>G13 Barcelona<\/strong> \u00e8 uno di questi. Nel loro <a href=\"https:\/\/www.g13cannabisclub.com\/the-club\/\">sito web<\/a> c\u2019\u00e8 una sezione espressamente dedicata alla <a href=\"https:\/\/www.g13cannabisclub.com\/request-information\/\">richiesta di tesseramento<\/a>. Per fare richiesta bisogna avere 18 anni ed essere in possesso di un valido documento di identit\u00e0. Si deve compilare il form presente sul sito ed attendere di essere contattati per un colloquio conoscitivo. Dopo una presentazione conoscitiva ed il colloquio c\u2019\u00e8 sempre il rischio di essere rifiutati. Non \u00e8 automatica l\u2019iscrizione ma, se accettati, bisogner\u00e0 pagare una quota di iscrizione di 20 euro per avere la tessera che garantir\u00e0 l\u2019accesso al club.<\/p>\n<p>Possiamo dire che l\u2019accesso a questo club sembra essere meno difficoltoso rispetto ad altri club di Barcellona. Il solo fatto che diano la possibilit\u00e0 di fare richiesta attraverso il loro sito web rende la cosa pi\u00f9 semplice del previsto.\u00a0 E una volta entrati, si potr\u00e0 godere di un\u2019atmosfera davvero unica! Il <strong>G13 Barcelona<\/strong> \u00e8 un club dalle caratteristiche peculiari che vale davvero la pena scoprire!<\/p>\n<h3>Tra tradizione e design. Un club dall\u2019aspetto orientaleggiante.<\/h3>\n<p>Appena entrati nel club si capisce immediatamente il motivo della sua peculiarit\u00e0. Il suo arredamento \u00e8 davvero sorprendente e accogliente. Un sapiente mix tra vicino oriente e il salotto di casa, un luogo dove \u00e8 confortevole stare. Tessuti colorati e morbidi cuscini arredano con gusto. Le sedute comodissime sono perfette per chi cerchi un pomeriggio di relax in un ambiente confortevole e sereno. Ma non mancano attrattive per quanti vogliano divertirsi! Musica schermi TV e giochi, come il biliardo, sono a disposizione dei soci. Il sistema audio \u00e8 di buona qualit\u00e0 e permette di organizzare eventi e serate musicali molto interessanti.<\/p>\n<p>Questo club si configura come un luogo adatto a tutti. Sia che si faccia un uso terapeutico della marijuana, sia che la si usi a scopo ricreativo, al <strong>G13 Barcelona<\/strong> si pu\u00f2 trovare tutto quello di cui si ha bisogno. Lo spirito inclusivo del locale \u00e8 davvero interessante. E i soci lo percepiscono e si sentono tutti come a casa propria.<\/p>\n<h3>Men\u00f9. Variet\u00e0 e convenienza per non esserne mai stanchi.<\/h3>\n<p>Stiamo parlando di un cannabis social club, non dimentichiamolo! La variet\u00e0 di cannabis a disposizione, pertanto, \u00e8 un elemento fondamentale per poterne valutare la validit\u00e0. Il <strong>G13 Barcelona <\/strong>ha un\u2019ottima variet\u00e0 di specie, sia indica che sativa. Una delle prerogative del club \u00e8 di fare in modo che le variet\u00e0 a disposizione siano sempre nuove e cambino regolarmente. Mettono in atto una rotazione delle specie disponibili in modo che i soci non si stanchino e provino sempre nuovi sapori. Dalle specie classiche a produzioni particolari create negli stati uniti, il locale offre sempre il meglio che c\u2019\u00e8 sul mercato.<\/p>\n<p>Tra le variet\u00e0 che si possono assaggiare spiccano:<\/p>\n<ul>\n<li>Amnesia Haze,<\/li>\n<li>White Widow,<\/li>\n<li>Big Bud<\/li>\n<li>OG Kush,<\/li>\n<li>San Fernando Valley<\/li>\n<\/ul>\n<p>Ma ad ogni visita i soci trovano variet\u00e0 nuove e differenti da provare.<\/p>\n<p>Non \u00e8 solo la cannabis fresca, tuttavia, ad attirare qui i soci. Molte altre opzioni di consumo sono disponibili, BHO e Shatterwax dal forte contenuto psicoattivo, ad esempio, e vaporizzatori. Il club inoltre mette a disposizione dei soci cartine, filtri, bong e vaporizzatori in modo da rendere l\u2019esperienza semplice e senza pensieri. Al suo interno si trova infatti tutto il necessario per godere dei momenti di puro relax in serenit\u00e0.<\/p>\n<p>Se si parla dei prezzi, poi, bisogna dire che la cannabis a disposizione ha un ottimo rapporto qualit\u00e0-prezzo. Le variet\u00e0 in vendita sono tutte di alta qualit\u00e0 ed i prezzi sono accessibili.<\/p>\n<p>Il bar al suo interno serve te, infusi, caff\u00e8, dolci, bibite e molto altro. Questo club \u00e8 perfetto per quanti amano accompagnare il fumo con uno spuntino o una bibita.<\/p>\n<p>Un\u2019ultima parola bisogna spenderla per lo staff. Giovane, gentile e, soprattutto, multiculturale, lo staff del G13 \u00e8 perfetto per mettere a proprio agio i soci.<\/p>\n<p>Insomma, se si visita Barcellona e si \u00e8 amanti della cannabis e delle atmosfere rilassate, non si pu\u00f2 tralasciare una visita in questo splendido club!<\/p>\n<p>[\/et_pb_text][\/et_pb_column][\/et_pb_row][\/et_pb_section]<\/p>\n","protected":false},"excerpt":{"rendered":"<p>Compila il Form G13 Cannabis Club 10:00h &#8211; 16:00h Carrer de N\u00e0pols \u2b50\u2b50\u2b50\u2b50\u2b50 Diventa Socio!G13 Barcelona Cannabis Club A pochi minuti a piedi dalle fermate Teutan e Monumental della metro, il G13 Barcelona \u00e8 uno dei pi\u00f9 noti cannabis club di Barcellona. Il suo indirizzo completo \u00e8: Carrer de N\u00e0pols, 187, 08013\u00a0Barcelona. La sua posizione [&hellip;]<\/p>\n","protected":false},"author":1,"featured_media":0,"parent":0,"menu_order":0,"comment_status":"closed","ping_status":"closed","template":"","meta":{"_et_pb_use_builder":"on","_et_pb_old_content":"","_et_gb_content_width":"","footnotes":""},"class_list":["post-1233","page","type-page","status-publish","hentry"],"yoast_head":"<!-- This site is optimized with the Yoast SEO plugin v27.3 - https:\/\/yoast.com\/product\/yoast-seo-wordpress\/ -->\n<title>G13 Barcelona Cannabis Club al centro del cuore della citt\u00e0<\/title>\n<meta name=\"description\" content=\"G13 Barcelona Cannabis Club al centro della citt\u00e0. La sua posizione centrale, a circa dieci minuti a piedi dalla Sagrada Familia, lo rende un luogo ...\" \/>\n<meta name=\"robots\" content=\"index, follow, max-snippet:-1, max-image-preview:large, max-video-preview:-1\" \/>\n<link rel=\"canonical\" href=\"https:\/\/www.weedjam.org\/it\/g13-cannabis-club\/\" \/>\n<meta property=\"og:locale\" content=\"it_IT\" \/>\n<meta property=\"og:type\" content=\"article\" \/>\n<meta property=\"og:title\" content=\"G13 Barcelona Cannabis Club al centro del cuore della citt\u00e0\" \/>\n<meta property=\"og:description\" content=\"G13 Barcelona Cannabis Club al centro della citt\u00e0. La sua posizione centrale, a circa dieci minuti a piedi dalla Sagrada Familia, lo rende un luogo ...\" \/>\n<meta property=\"og:url\" content=\"https:\/\/www.weedjam.org\/it\/g13-cannabis-club\/\" \/>\n<meta property=\"og:site_name\" content=\"Cannabis Social Club Barcellona\" \/>\n<meta property=\"article:publisher\" content=\"https:\/\/www.facebook.com\/groups\/weedjam\/\" \/>\n<meta property=\"article:modified_time\" content=\"2020-06-05T11:52:12+00:00\" \/>\n<meta property=\"og:image\" content=\"http:\/\/it.weedjam.org\/wp-content\/uploads\/2020\/06\/g3.png\" \/>\n<meta name=\"twitter:card\" content=\"summary_large_image\" \/>\n<meta name=\"twitter:site\" content=\"@weedjamclubs\" \/>\n<meta name=\"twitter:label1\" content=\"Tempo di lettura stimato\" \/>\n\t<meta name=\"twitter:data1\" content=\"9 minuti\" \/>\n<script type=\"application\/ld+json\" class=\"yoast-schema-graph\">{\"@context\":\"https:\\\/\\\/schema.org\",\"@graph\":[{\"@type\":\"WebPage\",\"@id\":\"https:\\\/\\\/www.weedjam.org\\\/it\\\/g13-cannabis-club\\\/\",\"url\":\"https:\\\/\\\/www.weedjam.org\\\/it\\\/g13-cannabis-club\\\/\",\"name\":\"G13 Barcelona Cannabis Club al centro del cuore della citt\u00e0\",\"isPartOf\":{\"@id\":\"https:\\\/\\\/www.weedjam.org\\\/it\\\/#website\"},\"primaryImageOfPage\":{\"@id\":\"https:\\\/\\\/www.weedjam.org\\\/it\\\/g13-cannabis-club\\\/#primaryimage\"},\"image\":{\"@id\":\"https:\\\/\\\/www.weedjam.org\\\/it\\\/g13-cannabis-club\\\/#primaryimage\"},\"thumbnailUrl\":\"http:\\\/\\\/it.weedjam.org\\\/wp-content\\\/uploads\\\/2020\\\/06\\\/g3.png\",\"datePublished\":\"2019-06-11T00:02:10+00:00\",\"dateModified\":\"2020-06-05T11:52:12+00:00\",\"description\":\"G13 Barcelona Cannabis Club al centro della citt\u00e0. La sua posizione centrale, a circa dieci minuti a piedi dalla Sagrada Familia, lo rende un luogo ...\",\"breadcrumb\":{\"@id\":\"https:\\\/\\\/www.weedjam.org\\\/it\\\/g13-cannabis-club\\\/#breadcrumb\"},\"inLanguage\":\"it-IT\",\"potentialAction\":[{\"@type\":\"ReadAction\",\"target\":[\"https:\\\/\\\/www.weedjam.org\\\/it\\\/g13-cannabis-club\\\/\"]}]},{\"@type\":\"ImageObject\",\"inLanguage\":\"it-IT\",\"@id\":\"https:\\\/\\\/www.weedjam.org\\\/it\\\/g13-cannabis-club\\\/#primaryimage\",\"url\":\"http:\\\/\\\/it.weedjam.org\\\/wp-content\\\/uploads\\\/2020\\\/06\\\/g3.png\",\"contentUrl\":\"http:\\\/\\\/it.weedjam.org\\\/wp-content\\\/uploads\\\/2020\\\/06\\\/g3.png\"},{\"@type\":\"BreadcrumbList\",\"@id\":\"https:\\\/\\\/www.weedjam.org\\\/it\\\/g13-cannabis-club\\\/#breadcrumb\",\"itemListElement\":[{\"@type\":\"ListItem\",\"position\":1,\"name\":\"Home\",\"item\":\"https:\\\/\\\/www.weedjam.org\\\/it\\\/\"},{\"@type\":\"ListItem\",\"position\":2,\"name\":\"G13 Cannabis Club\"}]},{\"@type\":\"WebSite\",\"@id\":\"https:\\\/\\\/www.weedjam.org\\\/it\\\/#website\",\"url\":\"https:\\\/\\\/www.weedjam.org\\\/it\\\/\",\"name\":\"Cannabis Social Club Barcellona\",\"description\":\"Con weedjam ottieni l&#039;invito nei migliori Social Cannabis Club\",\"publisher\":{\"@id\":\"https:\\\/\\\/www.weedjam.org\\\/it\\\/#organization\"},\"potentialAction\":[{\"@type\":\"SearchAction\",\"target\":{\"@type\":\"EntryPoint\",\"urlTemplate\":\"https:\\\/\\\/www.weedjam.org\\\/it\\\/?s={search_term_string}\"},\"query-input\":{\"@type\":\"PropertyValueSpecification\",\"valueRequired\":true,\"valueName\":\"search_term_string\"}}],\"inLanguage\":\"it-IT\"},{\"@type\":\"Organization\",\"@id\":\"https:\\\/\\\/www.weedjam.org\\\/it\\\/#organization\",\"name\":\"Weedjam\",\"url\":\"https:\\\/\\\/www.weedjam.org\\\/it\\\/\",\"logo\":{\"@type\":\"ImageObject\",\"inLanguage\":\"it-IT\",\"@id\":\"https:\\\/\\\/www.weedjam.org\\\/it\\\/#\\\/schema\\\/logo\\\/image\\\/\",\"url\":\"https:\\\/\\\/www.weedjam.org\\\/it\\\/wp-content\\\/uploads\\\/2019\\\/06\\\/1505513_1405569903035595_319774771_n.png\",\"contentUrl\":\"https:\\\/\\\/www.weedjam.org\\\/it\\\/wp-content\\\/uploads\\\/2019\\\/06\\\/1505513_1405569903035595_319774771_n.png\",\"width\":500,\"height\":500,\"caption\":\"Weedjam\"},\"image\":{\"@id\":\"https:\\\/\\\/www.weedjam.org\\\/it\\\/#\\\/schema\\\/logo\\\/image\\\/\"},\"sameAs\":[\"https:\\\/\\\/www.facebook.com\\\/groups\\\/weedjam\\\/\",\"https:\\\/\\\/x.com\\\/weedjamclubs\",\"https:\\\/\\\/www.instagram.com\\\/weedjamclub\\\/?hl=it\"]}]}<\/script>\n<!-- \/ Yoast SEO plugin. -->","yoast_head_json":{"title":"G13 Barcelona Cannabis Club al centro del cuore della citt\u00e0","description":"G13 Barcelona Cannabis Club al centro della citt\u00e0. La sua posizione centrale, a circa dieci minuti a piedi dalla Sagrada Familia, lo rende un luogo ...","robots":{"index":"index","follow":"follow","max-snippet":"max-snippet:-1","max-image-preview":"max-image-preview:large","max-video-preview":"max-video-preview:-1"},"canonical":"https:\/\/www.weedjam.org\/it\/g13-cannabis-club\/","og_locale":"it_IT","og_type":"article","og_title":"G13 Barcelona Cannabis Club al centro del cuore della citt\u00e0","og_description":"G13 Barcelona Cannabis Club al centro della citt\u00e0. La sua posizione centrale, a circa dieci minuti a piedi dalla Sagrada Familia, lo rende un luogo ...","og_url":"https:\/\/www.weedjam.org\/it\/g13-cannabis-club\/","og_site_name":"Cannabis Social Club Barcellona","article_publisher":"https:\/\/www.facebook.com\/groups\/weedjam\/","article_modified_time":"2020-06-05T11:52:12+00:00","og_image":[{"url":"http:\/\/it.weedjam.org\/wp-content\/uploads\/2020\/06\/g3.png","type":"","width":"","height":""}],"twitter_card":"summary_large_image","twitter_site":"@weedjamclubs","twitter_misc":{"Tempo di lettura stimato":"9 minuti"},"schema":{"@context":"https:\/\/schema.org","@graph":[{"@type":"WebPage","@id":"https:\/\/www.weedjam.org\/it\/g13-cannabis-club\/","url":"https:\/\/www.weedjam.org\/it\/g13-cannabis-club\/","name":"G13 Barcelona Cannabis Club al centro del cuore della citt\u00e0","isPartOf":{"@id":"https:\/\/www.weedjam.org\/it\/#website"},"primaryImageOfPage":{"@id":"https:\/\/www.weedjam.org\/it\/g13-cannabis-club\/#primaryimage"},"image":{"@id":"https:\/\/www.weedjam.org\/it\/g13-cannabis-club\/#primaryimage"},"thumbnailUrl":"http:\/\/it.weedjam.org\/wp-content\/uploads\/2020\/06\/g3.png","datePublished":"2019-06-11T00:02:10+00:00","dateModified":"2020-06-05T11:52:12+00:00","description":"G13 Barcelona Cannabis Club al centro della citt\u00e0. La sua posizione centrale, a circa dieci minuti a piedi dalla Sagrada Familia, lo rende un luogo ...","breadcrumb":{"@id":"https:\/\/www.weedjam.org\/it\/g13-cannabis-club\/#breadcrumb"},"inLanguage":"it-IT","potentialAction":[{"@type":"ReadAction","target":["https:\/\/www.weedjam.org\/it\/g13-cannabis-club\/"]}]},{"@type":"ImageObject","inLanguage":"it-IT","@id":"https:\/\/www.weedjam.org\/it\/g13-cannabis-club\/#primaryimage","url":"http:\/\/it.weedjam.org\/wp-content\/uploads\/2020\/06\/g3.png","contentUrl":"http:\/\/it.weedjam.org\/wp-content\/uploads\/2020\/06\/g3.png"},{"@type":"BreadcrumbList","@id":"https:\/\/www.weedjam.org\/it\/g13-cannabis-club\/#breadcrumb","itemListElement":[{"@type":"ListItem","position":1,"name":"Home","item":"https:\/\/www.weedjam.org\/it\/"},{"@type":"ListItem","position":2,"name":"G13 Cannabis Club"}]},{"@type":"WebSite","@id":"https:\/\/www.weedjam.org\/it\/#website","url":"https:\/\/www.weedjam.org\/it\/","name":"Cannabis Social Club Barcellona","description":"Con weedjam ottieni l&#039;invito nei migliori Social Cannabis Club","publisher":{"@id":"https:\/\/www.weedjam.org\/it\/#organization"},"potentialAction":[{"@type":"SearchAction","target":{"@type":"EntryPoint","urlTemplate":"https:\/\/www.weedjam.org\/it\/?s={search_term_string}"},"query-input":{"@type":"PropertyValueSpecification","valueRequired":true,"valueName":"search_term_string"}}],"inLanguage":"it-IT"},{"@type":"Organization","@id":"https:\/\/www.weedjam.org\/it\/#organization","name":"Weedjam","url":"https:\/\/www.weedjam.org\/it\/","logo":{"@type":"ImageObject","inLanguage":"it-IT","@id":"https:\/\/www.weedjam.org\/it\/#\/schema\/logo\/image\/","url":"https:\/\/www.weedjam.org\/it\/wp-content\/uploads\/2019\/06\/1505513_1405569903035595_319774771_n.png","contentUrl":"https:\/\/www.weedjam.org\/it\/wp-content\/uploads\/2019\/06\/1505513_1405569903035595_319774771_n.png","width":500,"height":500,"caption":"Weedjam"},"image":{"@id":"https:\/\/www.weedjam.org\/it\/#\/schema\/logo\/image\/"},"sameAs":["https:\/\/www.facebook.com\/groups\/weedjam\/","https:\/\/x.com\/weedjamclubs","https:\/\/www.instagram.com\/weedjamclub\/?hl=it"]}]}},"_links":{"self":[{"href":"https:\/\/www.weedjam.org\/it\/wp-json\/wp\/v2\/pages\/1233","targetHints":{"allow":["GET"]}}],"collection":[{"href":"https:\/\/www.weedjam.org\/it\/wp-json\/wp\/v2\/pages"}],"about":[{"href":"https:\/\/www.weedjam.org\/it\/wp-json\/wp\/v2\/types\/page"}],"author":[{"embeddable":true,"href":"https:\/\/www.weedjam.org\/it\/wp-json\/wp\/v2\/users\/1"}],"replies":[{"embeddable":true,"href":"https:\/\/www.weedjam.org\/it\/wp-json\/wp\/v2\/comments?post=1233"}],"version-history":[{"count":1,"href":"https:\/\/www.weedjam.org\/it\/wp-json\/wp\/v2\/pages\/1233\/revisions"}],"predecessor-version":[{"id":50369,"href":"https:\/\/www.weedjam.org\/it\/wp-json\/wp\/v2\/pages\/1233\/revisions\/50369"}],"wp:attachment":[{"href":"https:\/\/www.weedjam.org\/it\/wp-json\/wp\/v2\/media?parent=1233"}],"curies":[{"name":"wp","href":"https:\/\/api.w.org\/{rel}","templated":true}]}}